{"id":15843,"date":"2024-07-03T13:43:33","date_gmt":"2024-07-03T11:43:33","guid":{"rendered":"https:\/\/marinevision.es\/conocenos\/"},"modified":"2025-09-30T10:08:41","modified_gmt":"2025-09-30T08:08:41","slug":"about-us","status":"publish","type":"page","link":"https:\/\/marinevision.es\/en\/about-us\/","title":{"rendered":"About us"},"content":{"rendered":"\t\t<div data-elementor-type=\"wp-page\" data-elementor-id=\"15843\" class=\"elementor elementor-15843 elementor-1033\" data-elementor-post-type=\"page\">\n\t\t\t\t<div class=\"elementor-element elementor-element-1996549c e-con-full e-flex elementor-invisible e-con e-parent\" data-id=\"1996549c\" data-element_type=\"container\" data-e-type=\"container\" data-settings=\"{&quot;background_background&quot;:&quot;classic&quot;,&quot;animation&quot;:&quot;fadeIn&quot;}\">\n\t\t\t\t<div class=\"elementor-element elementor-element-d9581cd elementor-widget elementor-widget-heading\" data-id=\"d9581cd\" data-element_type=\"widget\" data-e-type=\"widget\" data-widget_type=\"heading.default\">\n\t\t\t\t<div class=\"elementor-widget-container\">\n\t\t\t\t\t<h2 class=\"elementor-heading-title elementor-size-default\">OUR COMPANY<\/h2>\t\t\t\t<\/div>\n\t\t\t\t<\/div>\n\t\t\t\t<div class=\"elementor-element elementor-element-48413fa3 elementor-widget elementor-widget-breadcrumbs\" data-id=\"48413fa3\" data-element_type=\"widget\" data-e-type=\"widget\" data-widget_type=\"breadcrumbs.default\">\n\t\t\t\t<div class=\"elementor-widget-container\">\n\t\t\t\t\t<p id=\"breadcrumbs\"><span><span><a href=\"https:\/\/marinevision.es\/en\/\">Home<\/a><\/span><\/span><\/p>\t\t\t\t<\/div>\n\t\t\t\t<\/div>\n\t\t\t\t<\/div>\n\t\t<div class=\"elementor-element elementor-element-7dabec4 e-con-full e-flex e-con e-parent\" data-id=\"7dabec4\" data-element_type=\"container\" data-e-type=\"container\">\n\t\t\t\t<div class=\"elementor-element elementor-element-ae067ac elementor-widget-divider--view-line elementor-widget elementor-widget-divider\" data-id=\"ae067ac\" data-element_type=\"widget\" data-e-type=\"widget\" data-widget_type=\"divider.default\">\n\t\t\t\t<div class=\"elementor-widget-container\">\n\t\t\t\t\t\t\t<div class=\"elementor-divider\">\n\t\t\t<span class=\"elementor-divider-separator\">\n\t\t\t\t\t\t<\/span>\n\t\t<\/div>\n\t\t\t\t\t\t<\/div>\n\t\t\t\t<\/div>\n\t\t\t\t<div class=\"elementor-element elementor-element-65416db elementor-widget-divider--view-line elementor-widget elementor-widget-divider\" data-id=\"65416db\" data-element_type=\"widget\" data-e-type=\"widget\" data-widget_type=\"divider.default\">\n\t\t\t\t<div class=\"elementor-widget-container\">\n\t\t\t\t\t\t\t<div class=\"elementor-divider\">\n\t\t\t<span class=\"elementor-divider-separator\">\n\t\t\t\t\t\t<\/span>\n\t\t<\/div>\n\t\t\t\t\t\t<\/div>\n\t\t\t\t<\/div>\n\t\t\t\t<\/div>\n\t\t<div class=\"elementor-element elementor-element-1bef64e2 e-flex e-con-boxed e-con e-parent\" data-id=\"1bef64e2\" data-element_type=\"container\" data-e-type=\"container\">\n\t\t\t\t\t<div class=\"e-con-inner\">\n\t\t<div class=\"elementor-element elementor-element-7c4aaf09 e-con-full e-flex e-con e-child\" data-id=\"7c4aaf09\" data-element_type=\"container\" data-e-type=\"container\">\n\t\t\t\t<div class=\"elementor-element elementor-element-7cfb902a elementor-widget elementor-widget-image\" data-id=\"7cfb902a\" data-element_type=\"widget\" data-e-type=\"widget\" data-widget_type=\"image.default\">\n\t\t\t\t<div class=\"elementor-widget-container\">\n\t\t\t\t\t\t\t\t\t\t\t\t\t\t\t\t<a href=\"https:\/\/marinevision.es\/wp-content\/uploads\/2024\/07\/Bengt_borjesson.pdf\" target=\"_blank\">\n\t\t\t\t\t\t\t<img fetchpriority=\"high\" decoding=\"async\" width=\"595\" height=\"842\" src=\"https:\/\/marinevision.es\/wp-content\/uploads\/2024\/07\/Bengt_borjesson.jpg\" class=\"attachment-full size-full wp-image-1632\" alt=\"Bengt Borjesson\" srcset=\"https:\/\/marinevision.es\/wp-content\/uploads\/2024\/07\/Bengt_borjesson.jpg 595w, https:\/\/marinevision.es\/wp-content\/uploads\/2024\/07\/Bengt_borjesson-212x300.jpg 212w\" sizes=\"(max-width: 595px) 100vw, 595px\" \/>\t\t\t\t\t\t\t\t<\/a>\n\t\t\t\t\t\t\t\t\t\t\t\t\t\t\t<\/div>\n\t\t\t\t<\/div>\n\t\t\t\t<div class=\"elementor-element elementor-element-2b616fc0 elementor-align-center elementor-widget elementor-widget-button\" data-id=\"2b616fc0\" data-element_type=\"widget\" data-e-type=\"widget\" data-widget_type=\"button.default\">\n\t\t\t\t<div class=\"elementor-widget-container\">\n\t\t\t\t\t\t\t\t\t<div class=\"elementor-button-wrapper\">\n\t\t\t\t\t<a class=\"elementor-button elementor-button-link elementor-size-sm\" href=\"https:\/\/marinevision.es\/wp-content\/uploads\/2025\/04\/Bengt-borjesson.pdf\" target=\"_blank\">\n\t\t\t\t\t\t<span class=\"elementor-button-content-wrapper\">\n\t\t\t\t\t\t\t\t\t<span class=\"elementor-button-text\">Download PDF<\/span>\n\t\t\t\t\t<\/span>\n\t\t\t\t\t<\/a>\n\t\t\t\t<\/div>\n\t\t\t\t\t\t\t\t<\/div>\n\t\t\t\t<\/div>\n\t\t\t\t<div class=\"elementor-element elementor-element-8d3be98 elementor-widget elementor-widget-text-editor\" data-id=\"8d3be98\" data-element_type=\"widget\" data-e-type=\"widget\" data-widget_type=\"text-editor.default\">\n\t\t\t\t<div class=\"elementor-widget-container\">\n\t\t\t\t\t\t\t\t\tFrom here you can also access the article we dedicated to Bengt B\u00f6rgeson on the occasion of our 20th birthday.\n\nBengt B\u00f6rgeson In Memoriam 1929-2016.\t\t\t\t\t\t\t\t<\/div>\n\t\t\t\t<\/div>\n\t\t\t\t<\/div>\n\t\t<div class=\"elementor-element elementor-element-e7ea68f e-con-full e-flex e-con e-child\" data-id=\"e7ea68f\" data-element_type=\"container\" data-e-type=\"container\">\n\t\t\t\t<div class=\"elementor-element elementor-element-3559870c elementor-widget elementor-widget-heading\" data-id=\"3559870c\" data-element_type=\"widget\" data-e-type=\"widget\" data-widget_type=\"heading.default\">\n\t\t\t\t<div class=\"elementor-widget-container\">\n\t\t\t\t\t<h3 class=\"elementor-heading-title elementor-size-default\">ABOUT US<\/h3>\t\t\t\t<\/div>\n\t\t\t\t<\/div>\n\t\t\t\t<div class=\"elementor-element elementor-element-5052da95 elementor-widget-divider--view-line elementor-widget elementor-widget-divider\" data-id=\"5052da95\" data-element_type=\"widget\" data-e-type=\"widget\" data-widget_type=\"divider.default\">\n\t\t\t\t<div class=\"elementor-widget-container\">\n\t\t\t\t\t\t\t<div class=\"elementor-divider\">\n\t\t\t<span class=\"elementor-divider-separator\">\n\t\t\t\t\t\t<\/span>\n\t\t<\/div>\n\t\t\t\t\t\t<\/div>\n\t\t\t\t<\/div>\n\t\t\t\t<div class=\"elementor-element elementor-element-4f735c18 elementor-widget-divider--view-line elementor-widget elementor-widget-divider\" data-id=\"4f735c18\" data-element_type=\"widget\" data-e-type=\"widget\" data-widget_type=\"divider.default\">\n\t\t\t\t<div class=\"elementor-widget-container\">\n\t\t\t\t\t\t\t<div class=\"elementor-divider\">\n\t\t\t<span class=\"elementor-divider-separator\">\n\t\t\t\t\t\t<\/span>\n\t\t<\/div>\n\t\t\t\t\t\t<\/div>\n\t\t\t\t<\/div>\n\t\t\t\t<div class=\"elementor-element elementor-element-6cd05d4d elementor-widget elementor-widget-text-editor\" data-id=\"6cd05d4d\" data-element_type=\"widget\" data-e-type=\"widget\" data-widget_type=\"text-editor.default\">\n\t\t\t\t<div class=\"elementor-widget-container\">\n\t\t\t\t\t\t\t\t\tMore than 35 years have passed since Bengt B\u00f6rjesson founded MARINE VISION, S.L. in Spain. Many changes have taken place in the commercial diving market in our country since then, and we have witnessed them all.\n We have witnessed the rise of new companies dedicated to commercial diving and a significant improvement of their technical resources. \nAfter these years, we are proud to have been present and to have done our part, marketing and equipping this sector with the best brands on the market. \nBoth Pedro Arguello and Robert B\u00f6rjesson, current managers, continue their journey with renewed enthusiasm. During all these years, all of us at Marine Vision have worked tirelessly to consolidate our leadership, from the beginning to the end, and above all, what has been very important for all of us is to maintain the concept of seriousness and good service that fortunately has always been attributed to us. \nIn short, we continue to uphold our philosophy of never betraying the trust our clients place in us, and we continue to work with the same enthusiasm as we did on our first day.\t\t\t\t\t\t\t\t<\/div>\n\t\t\t\t<\/div>\n\t\t\t\t<div class=\"elementor-element elementor-element-1acb0545 elementor-widget elementor-widget-text-editor\" data-id=\"1acb0545\" data-element_type=\"widget\" data-e-type=\"widget\" data-widget_type=\"text-editor.default\">\n\t\t\t\t<div class=\"elementor-widget-container\">\n\t\t\t\t\t\t\t\t\t<p>* To ensure that all of this doesn&#8217;t remain mere corporate communications, Marine Vision has adopted various measures in recent years to ensure the quality of our service. To this end, we have remained faithful to our corporate philosophy, selling exclusively brands with recognized international prestige, in some cases with which we have been representing for over 25 years.<\/p><p>* Secondly, we are aware that a good product cannot exist without good after-sales service. For these reasons, we have prepared ourselves even more to understand and not fall behind at something as dynamic as this type of technology.<\/p><p>* We have undergone continuous training and transformation. Our facilities have grown in operational capacity and capacity to ensure the proper functioning of our technical service, which extends to every one of the items we sell.<br \/>In short, we do not sell anything that we cannot subsequently address in terms of technical assistance and after-sales service.<\/p><p>* We have implemented a strict UNE-EN ISO 9001:2015 management system certified by Bureau Veritas, which has recently been complemented by the implementation of UNE-EN ISO 14001:2015 environmental management system, also certified by this certification body.<\/p><p>* We are an EP-2 Pressure Equipment Installation and Repair company. This implies we supply turnkey compressor systems, jointly designing and legalizing the filling rooms.<\/p><p>* We are accredited by the various companies we represent in Spain, both for repairs and for training companies in the maintenance and repair of their own equipment, such as Kirby Morgan equipment.<\/p><p>* In 2024, we launched a new website showcasing all the products we sell. We wanted it to be an information portal where users have access to all the documentation, they may find useful: technical sheets, references, specifications, measurement drawings, exploded views, videos, etc. Therefore, on our new website, you will find all the updated technical sheets and specification brochures in Spanish. It has been a difficult translation effort on our part, as 95% of the manufacturers originally only offer them in English, although we have always respected their corporate identity.<\/p><p>We want to make it clear that the entire Marine Vision team is at your disposal for any suggestions, or even criticisms. Accepting mistakes and correcting them, ultimately, makes you great. We would like to express our gratitude to all those who have contributed to the consolidation of our company over the years, especially those who have supported us during the most difficult times.<\/p><p>Thank you for your trust.<\/p>\t\t\t\t\t\t\t\t<\/div>\n\t\t\t\t<\/div>\n\t\t<div class=\"elementor-element elementor-element-1db95a75 e-grid e-con-full e-con e-child\" data-id=\"1db95a75\" data-element_type=\"container\" data-e-type=\"container\">\n\t\t\t\t<div class=\"elementor-element elementor-element-3737c708 elementor-widget elementor-widget-text-editor\" data-id=\"3737c708\" data-element_type=\"widget\" data-e-type=\"widget\" data-widget_type=\"text-editor.default\">\n\t\t\t\t<div class=\"elementor-widget-container\">\n\t\t\t\t\t\t\t\t\t<strong>Fdo. Pedro Arg\u00fcello Aloza<\/strong><br>\n<em>Commercial Management<\/em>\t\t\t\t\t\t\t\t<\/div>\n\t\t\t\t<\/div>\n\t\t\t\t<div class=\"elementor-element elementor-element-9099b20 elementor-widget elementor-widget-text-editor\" data-id=\"9099b20\" data-element_type=\"widget\" data-e-type=\"widget\" data-widget_type=\"text-editor.default\">\n\t\t\t\t<div class=\"elementor-widget-container\">\n\t\t\t\t\t\t\t\t\t<p><strong>Fdo. Robert B\u00f6rgeson<\/strong><br \/><em>Technical Management<\/em><\/p>\t\t\t\t\t\t\t\t<\/div>\n\t\t\t\t<\/div>\n\t\t\t\t<\/div>\n\t\t\t\t<\/div>\n\t\t\t\t\t<\/div>\n\t\t\t\t<\/div>\n\t\t\t\t<\/div>\n\t\t","protected":false},"excerpt":{"rendered":"<p>OUR COMPANY Download PDF From here you can also access the article we dedicated to Bengt B\u00f6rgeson on the occasion of our 20th birthday. Bengt B\u00f6rgeson In Memoriam 1929-2016. ABOUT US More than 35 years have passed since Bengt B\u00f6rjesson founded MARINE VISION, S.L. in Spain. Many changes have taken place in the commercial diving [&hellip;]<\/p>\n","protected":false},"author":1,"featured_media":0,"parent":0,"menu_order":0,"comment_status":"closed","ping_status":"closed","template":"","meta":{"_joinchat":[],"footnotes":""},"class_list":["post-15843","page","type-page","status-publish","hentry"],"yoast_head":"<!-- This site is optimized with the Yoast SEO plugin v27.2 - https:\/\/yoast.com\/product\/yoast-seo-wordpress\/ -->\n<title>About us - Marine Vision S.L.<\/title>\n<meta name=\"description\" content=\"More than 35 years have passed since Bengt B\u00f6rjesson founded MARINE VISION, S.L. in Spain. Many changes have taken place in the commercial diving market in our country since then, and we have witnessed them all.\" \/>\n<meta name=\"robots\" content=\"index, follow, max-snippet:-1, max-image-preview:large, max-video-preview:-1\" \/>\n<link rel=\"canonical\" href=\"https:\/\/marinevision.es\/en\/about-us\/\" \/>\n<meta property=\"og:locale\" content=\"en_US\" \/>\n<meta property=\"og:type\" content=\"article\" \/>\n<meta property=\"og:title\" content=\"About us - Marine Vision S.L.\" \/>\n<meta property=\"og:description\" content=\"More than 35 years have passed since Bengt B\u00f6rjesson founded MARINE VISION, S.L. in Spain. Many changes have taken place in the commercial diving market in our country since then, and we have witnessed them all.\" \/>\n<meta property=\"og:url\" content=\"https:\/\/marinevision.es\/en\/about-us\/\" \/>\n<meta property=\"og:site_name\" content=\"Marine Vision S.L.\" \/>\n<meta property=\"article:modified_time\" content=\"2025-09-30T08:08:41+00:00\" \/>\n<meta property=\"og:image\" content=\"https:\/\/marinevision.es\/wp-content\/uploads\/2024\/07\/Bengt_borjesson.jpg\" \/>\n\t<meta property=\"og:image:width\" content=\"595\" \/>\n\t<meta property=\"og:image:height\" content=\"842\" \/>\n\t<meta property=\"og:image:type\" content=\"image\/jpeg\" \/>\n<meta name=\"twitter:card\" content=\"summary_large_image\" \/>\n<meta name=\"twitter:label1\" content=\"Est. reading time\" \/>\n\t<meta name=\"twitter:data1\" content=\"3 minutes\" \/>\n<script type=\"application\/ld+json\" class=\"yoast-schema-graph\">{\"@context\":\"https:\/\/schema.org\",\"@graph\":[{\"@type\":\"WebPage\",\"@id\":\"https:\/\/marinevision.es\/en\/about-us\/\",\"url\":\"https:\/\/marinevision.es\/en\/about-us\/\",\"name\":\"About us - Marine Vision S.L.\",\"isPartOf\":{\"@id\":\"https:\/\/marinevision.es\/#website\"},\"primaryImageOfPage\":{\"@id\":\"https:\/\/marinevision.es\/en\/about-us\/#primaryimage\"},\"image\":{\"@id\":\"https:\/\/marinevision.es\/en\/about-us\/#primaryimage\"},\"thumbnailUrl\":\"https:\/\/marinevision.es\/wp-content\/uploads\/2024\/07\/Bengt_borjesson.jpg\",\"datePublished\":\"2024-07-03T11:43:33+00:00\",\"dateModified\":\"2025-09-30T08:08:41+00:00\",\"description\":\"More than 35 years have passed since Bengt B\u00f6rjesson founded MARINE VISION, S.L. in Spain. Many changes have taken place in the commercial diving market in our country since then, and we have witnessed them all.\",\"breadcrumb\":{\"@id\":\"https:\/\/marinevision.es\/en\/about-us\/#breadcrumb\"},\"inLanguage\":\"en-US\",\"potentialAction\":[{\"@type\":\"ReadAction\",\"target\":[\"https:\/\/marinevision.es\/en\/about-us\/\"]}]},{\"@type\":\"ImageObject\",\"inLanguage\":\"en-US\",\"@id\":\"https:\/\/marinevision.es\/en\/about-us\/#primaryimage\",\"url\":\"https:\/\/marinevision.es\/wp-content\/uploads\/2024\/07\/Bengt_borjesson.jpg\",\"contentUrl\":\"https:\/\/marinevision.es\/wp-content\/uploads\/2024\/07\/Bengt_borjesson.jpg\"},{\"@type\":\"BreadcrumbList\",\"@id\":\"https:\/\/marinevision.es\/en\/about-us\/#breadcrumb\",\"itemListElement\":[{\"@type\":\"ListItem\",\"position\":1,\"name\":\"Home\",\"item\":\"https:\/\/marinevision.es\/en\/\"},{\"@type\":\"ListItem\",\"position\":2,\"name\":\"About us\"}]},{\"@type\":\"WebSite\",\"@id\":\"https:\/\/marinevision.es\/#website\",\"url\":\"https:\/\/marinevision.es\/\",\"name\":\"Marine Vision S.L.\",\"description\":\"Compresores, cascos, umbilicales, ROVs, paneles de gases, trajes secos y todo el equipamiento relacionado con el buceo comercial, militar y recreativo\",\"publisher\":{\"@id\":\"https:\/\/marinevision.es\/#organization\"},\"alternateName\":\"Marine Vision\",\"potentialAction\":[{\"@type\":\"SearchAction\",\"target\":{\"@type\":\"EntryPoint\",\"urlTemplate\":\"https:\/\/marinevision.es\/?s={search_term_string}\"},\"query-input\":{\"@type\":\"PropertyValueSpecification\",\"valueRequired\":true,\"valueName\":\"search_term_string\"}}],\"inLanguage\":\"en-US\"},{\"@type\":\"Organization\",\"@id\":\"https:\/\/marinevision.es\/#organization\",\"name\":\"Marine Vision S.L.\",\"url\":\"https:\/\/marinevision.es\/\",\"logo\":{\"@type\":\"ImageObject\",\"inLanguage\":\"en-US\",\"@id\":\"https:\/\/marinevision.es\/#\/schema\/logo\/image\/\",\"url\":\"https:\/\/marinevision.es\/wp-content\/uploads\/2024\/06\/MarineVision-logo_1177x230.webp\",\"contentUrl\":\"https:\/\/marinevision.es\/wp-content\/uploads\/2024\/06\/MarineVision-logo_1177x230.webp\",\"width\":1177,\"height\":230,\"caption\":\"Marine Vision S.L.\"},\"image\":{\"@id\":\"https:\/\/marinevision.es\/#\/schema\/logo\/image\/\"}}]}<\/script>\n<!-- \/ Yoast SEO plugin. -->","yoast_head_json":{"title":"About us - Marine Vision S.L.","description":"More than 35 years have passed since Bengt B\u00f6rjesson founded MARINE VISION, S.L. in Spain. Many changes have taken place in the commercial diving market in our country since then, and we have witnessed them all.","robots":{"index":"index","follow":"follow","max-snippet":"max-snippet:-1","max-image-preview":"max-image-preview:large","max-video-preview":"max-video-preview:-1"},"canonical":"https:\/\/marinevision.es\/en\/about-us\/","og_locale":"en_US","og_type":"article","og_title":"About us - Marine Vision S.L.","og_description":"More than 35 years have passed since Bengt B\u00f6rjesson founded MARINE VISION, S.L. in Spain. Many changes have taken place in the commercial diving market in our country since then, and we have witnessed them all.","og_url":"https:\/\/marinevision.es\/en\/about-us\/","og_site_name":"Marine Vision S.L.","article_modified_time":"2025-09-30T08:08:41+00:00","og_image":[{"width":595,"height":842,"url":"https:\/\/marinevision.es\/wp-content\/uploads\/2024\/07\/Bengt_borjesson.jpg","type":"image\/jpeg"}],"twitter_card":"summary_large_image","twitter_misc":{"Est. reading time":"3 minutes"},"schema":{"@context":"https:\/\/schema.org","@graph":[{"@type":"WebPage","@id":"https:\/\/marinevision.es\/en\/about-us\/","url":"https:\/\/marinevision.es\/en\/about-us\/","name":"About us - Marine Vision S.L.","isPartOf":{"@id":"https:\/\/marinevision.es\/#website"},"primaryImageOfPage":{"@id":"https:\/\/marinevision.es\/en\/about-us\/#primaryimage"},"image":{"@id":"https:\/\/marinevision.es\/en\/about-us\/#primaryimage"},"thumbnailUrl":"https:\/\/marinevision.es\/wp-content\/uploads\/2024\/07\/Bengt_borjesson.jpg","datePublished":"2024-07-03T11:43:33+00:00","dateModified":"2025-09-30T08:08:41+00:00","description":"More than 35 years have passed since Bengt B\u00f6rjesson founded MARINE VISION, S.L. in Spain. Many changes have taken place in the commercial diving market in our country since then, and we have witnessed them all.","breadcrumb":{"@id":"https:\/\/marinevision.es\/en\/about-us\/#breadcrumb"},"inLanguage":"en-US","potentialAction":[{"@type":"ReadAction","target":["https:\/\/marinevision.es\/en\/about-us\/"]}]},{"@type":"ImageObject","inLanguage":"en-US","@id":"https:\/\/marinevision.es\/en\/about-us\/#primaryimage","url":"https:\/\/marinevision.es\/wp-content\/uploads\/2024\/07\/Bengt_borjesson.jpg","contentUrl":"https:\/\/marinevision.es\/wp-content\/uploads\/2024\/07\/Bengt_borjesson.jpg"},{"@type":"BreadcrumbList","@id":"https:\/\/marinevision.es\/en\/about-us\/#breadcrumb","itemListElement":[{"@type":"ListItem","position":1,"name":"Home","item":"https:\/\/marinevision.es\/en\/"},{"@type":"ListItem","position":2,"name":"About us"}]},{"@type":"WebSite","@id":"https:\/\/marinevision.es\/#website","url":"https:\/\/marinevision.es\/","name":"Marine Vision S.L.","description":"Compresores, cascos, umbilicales, ROVs, paneles de gases, trajes secos y todo el equipamiento relacionado con el buceo comercial, militar y recreativo","publisher":{"@id":"https:\/\/marinevision.es\/#organization"},"alternateName":"Marine Vision","potentialAction":[{"@type":"SearchAction","target":{"@type":"EntryPoint","urlTemplate":"https:\/\/marinevision.es\/?s={search_term_string}"},"query-input":{"@type":"PropertyValueSpecification","valueRequired":true,"valueName":"search_term_string"}}],"inLanguage":"en-US"},{"@type":"Organization","@id":"https:\/\/marinevision.es\/#organization","name":"Marine Vision S.L.","url":"https:\/\/marinevision.es\/","logo":{"@type":"ImageObject","inLanguage":"en-US","@id":"https:\/\/marinevision.es\/#\/schema\/logo\/image\/","url":"https:\/\/marinevision.es\/wp-content\/uploads\/2024\/06\/MarineVision-logo_1177x230.webp","contentUrl":"https:\/\/marinevision.es\/wp-content\/uploads\/2024\/06\/MarineVision-logo_1177x230.webp","width":1177,"height":230,"caption":"Marine Vision S.L."},"image":{"@id":"https:\/\/marinevision.es\/#\/schema\/logo\/image\/"}}]}},"_links":{"self":[{"href":"https:\/\/marinevision.es\/en\/wp-json\/wp\/v2\/pages\/15843","targetHints":{"allow":["GET"]}}],"collection":[{"href":"https:\/\/marinevision.es\/en\/wp-json\/wp\/v2\/pages"}],"about":[{"href":"https:\/\/marinevision.es\/en\/wp-json\/wp\/v2\/types\/page"}],"author":[{"embeddable":true,"href":"https:\/\/marinevision.es\/en\/wp-json\/wp\/v2\/users\/1"}],"replies":[{"embeddable":true,"href":"https:\/\/marinevision.es\/en\/wp-json\/wp\/v2\/comments?post=15843"}],"version-history":[{"count":13,"href":"https:\/\/marinevision.es\/en\/wp-json\/wp\/v2\/pages\/15843\/revisions"}],"predecessor-version":[{"id":16718,"href":"https:\/\/marinevision.es\/en\/wp-json\/wp\/v2\/pages\/15843\/revisions\/16718"}],"wp:attachment":[{"href":"https:\/\/marinevision.es\/en\/wp-json\/wp\/v2\/media?parent=15843"}],"curies":[{"name":"wp","href":"https:\/\/api.w.org\/{rel}","templated":true}]}}