{"id":21366,"date":"2025-03-25T10:39:33","date_gmt":"2025-03-25T09:39:33","guid":{"rendered":"https:\/\/marinevision.es\/hemeroteca\/"},"modified":"2026-04-09T09:29:49","modified_gmt":"2026-04-09T07:29:49","slug":"newspaper-archive","status":"publish","type":"page","link":"https:\/\/marinevision.es\/en\/newspaper-archive\/","title":{"rendered":"Newspaper archive"},"content":{"rendered":"\t\t<div data-elementor-type=\"wp-page\" data-elementor-id=\"21366\" class=\"elementor elementor-21366 elementor-15006\" data-elementor-post-type=\"page\">\n\t\t\t\t<div class=\"elementor-element elementor-element-67d98841 e-con-full e-flex elementor-invisible e-con e-parent\" data-id=\"67d98841\" data-element_type=\"container\" data-e-type=\"container\" data-settings=\"{&quot;background_background&quot;:&quot;classic&quot;,&quot;animation&quot;:&quot;fadeIn&quot;}\">\n\t\t\t\t<div class=\"elementor-element elementor-element-2aacb437 elementor-widget elementor-widget-heading\" data-id=\"2aacb437\" data-element_type=\"widget\" data-e-type=\"widget\" data-widget_type=\"heading.default\">\n\t\t\t\t<div class=\"elementor-widget-container\">\n\t\t\t\t\t<h2 class=\"elementor-heading-title elementor-size-default\">UTILITIES<\/h2>\t\t\t\t<\/div>\n\t\t\t\t<\/div>\n\t\t\t\t<div class=\"elementor-element elementor-element-18e418d3 elementor-widget elementor-widget-breadcrumbs\" data-id=\"18e418d3\" data-element_type=\"widget\" data-e-type=\"widget\" data-widget_type=\"breadcrumbs.default\">\n\t\t\t\t<div class=\"elementor-widget-container\">\n\t\t\t\t\t<p id=\"breadcrumbs\"><span><span><a href=\"https:\/\/marinevision.es\/en\/\">Home<\/a><\/span><\/span><\/p>\t\t\t\t<\/div>\n\t\t\t\t<\/div>\n\t\t\t\t<\/div>\n\t\t<div class=\"elementor-element elementor-element-384b7d91 e-con-full e-flex e-con e-parent\" data-id=\"384b7d91\" data-element_type=\"container\" data-e-type=\"container\">\n\t\t\t\t<div class=\"elementor-element elementor-element-5123a450 elementor-widget-divider--view-line elementor-widget elementor-widget-divider\" data-id=\"5123a450\" data-element_type=\"widget\" data-e-type=\"widget\" data-widget_type=\"divider.default\">\n\t\t\t\t<div class=\"elementor-widget-container\">\n\t\t\t\t\t\t\t<div class=\"elementor-divider\">\n\t\t\t<span class=\"elementor-divider-separator\">\n\t\t\t\t\t\t<\/span>\n\t\t<\/div>\n\t\t\t\t\t\t<\/div>\n\t\t\t\t<\/div>\n\t\t\t\t<div class=\"elementor-element elementor-element-6e0880d4 elementor-widget-divider--view-line elementor-widget elementor-widget-divider\" data-id=\"6e0880d4\" data-element_type=\"widget\" data-e-type=\"widget\" data-widget_type=\"divider.default\">\n\t\t\t\t<div class=\"elementor-widget-container\">\n\t\t\t\t\t\t\t<div class=\"elementor-divider\">\n\t\t\t<span class=\"elementor-divider-separator\">\n\t\t\t\t\t\t<\/span>\n\t\t<\/div>\n\t\t\t\t\t\t<\/div>\n\t\t\t\t<\/div>\n\t\t\t\t<\/div>\n\t\t<div class=\"elementor-element elementor-element-127e9a1a e-con-full e-flex e-con e-parent\" data-id=\"127e9a1a\" data-element_type=\"container\" data-e-type=\"container\">\n\t\t<div class=\"elementor-element elementor-element-5c37d00a e-con-full e-flex e-con e-child\" data-id=\"5c37d00a\" data-element_type=\"container\" data-e-type=\"container\">\n\t\t\t\t<div class=\"elementor-element elementor-element-ca3ec4 elementor-widget elementor-widget-image\" data-id=\"ca3ec4\" data-element_type=\"widget\" data-e-type=\"widget\" data-widget_type=\"image.default\">\n\t\t\t\t<div class=\"elementor-widget-container\">\n\t\t\t\t\t\t\t\t\t\t\t\t\t\t\t<img fetchpriority=\"high\" decoding=\"async\" width=\"1177\" height=\"230\" src=\"https:\/\/marinevision.es\/wp-content\/uploads\/2024\/06\/MarineVision-logo_1177x230.webp\" class=\"attachment-full size-full wp-image-131\" alt=\"\" srcset=\"https:\/\/marinevision.es\/wp-content\/uploads\/2024\/06\/MarineVision-logo_1177x230.webp 1177w, https:\/\/marinevision.es\/wp-content\/uploads\/2024\/06\/MarineVision-logo_1177x230-300x59.webp 300w, https:\/\/marinevision.es\/wp-content\/uploads\/2024\/06\/MarineVision-logo_1177x230-1024x200.webp 1024w, https:\/\/marinevision.es\/wp-content\/uploads\/2024\/06\/MarineVision-logo_1177x230-768x150.webp 768w\" sizes=\"(max-width: 1177px) 100vw, 1177px\" \/>\t\t\t\t\t\t\t\t\t\t\t\t\t\t\t<\/div>\n\t\t\t\t<\/div>\n\t\t\t\t<\/div>\n\t\t<div class=\"elementor-element elementor-element-3743da98 e-con-full e-flex e-con e-child\" data-id=\"3743da98\" data-element_type=\"container\" data-e-type=\"container\">\n\t\t\t\t<div class=\"elementor-element elementor-element-2d8dc95a elementor-widget-divider--view-line elementor-widget elementor-widget-divider\" data-id=\"2d8dc95a\" data-element_type=\"widget\" data-e-type=\"widget\" data-widget_type=\"divider.default\">\n\t\t\t\t<div class=\"elementor-widget-container\">\n\t\t\t\t\t\t\t<div class=\"elementor-divider\">\n\t\t\t<span class=\"elementor-divider-separator\">\n\t\t\t\t\t\t<\/span>\n\t\t<\/div>\n\t\t\t\t\t\t<\/div>\n\t\t\t\t<\/div>\n\t\t\t\t<div class=\"elementor-element elementor-element-6cd46f3c elementor-widget-divider--view-line elementor-widget elementor-widget-divider\" data-id=\"6cd46f3c\" data-element_type=\"widget\" data-e-type=\"widget\" data-widget_type=\"divider.default\">\n\t\t\t\t<div class=\"elementor-widget-container\">\n\t\t\t\t\t\t\t<div class=\"elementor-divider\">\n\t\t\t<span class=\"elementor-divider-separator\">\n\t\t\t\t\t\t<\/span>\n\t\t<\/div>\n\t\t\t\t\t\t<\/div>\n\t\t\t\t<\/div>\n\t\t\t\t<\/div>\n\t\t<div class=\"elementor-element elementor-element-25de1f74 e-con-full e-flex e-con e-child\" data-id=\"25de1f74\" data-element_type=\"container\" data-e-type=\"container\" data-settings=\"{&quot;background_background&quot;:&quot;classic&quot;}\">\n\t\t\t\t<div class=\"elementor-element elementor-element-6372b5bd elementor-widget elementor-widget-heading\" data-id=\"6372b5bd\" data-element_type=\"widget\" data-e-type=\"widget\" data-widget_type=\"heading.default\">\n\t\t\t\t<div class=\"elementor-widget-container\">\n\t\t\t\t\t<h3 class=\"elementor-heading-title elementor-size-default\">NEWSPAPER ARCHIVES<\/h3>\t\t\t\t<\/div>\n\t\t\t\t<\/div>\n\t\t<div class=\"elementor-element elementor-element-5b5d8b2b e-grid e-con-full e-con e-child\" data-id=\"5b5d8b2b\" data-element_type=\"container\" data-e-type=\"container\">\n\t\t<div class=\"elementor-element elementor-element-18725021 e-con-full e-flex e-con e-child\" data-id=\"18725021\" data-element_type=\"container\" data-e-type=\"container\">\n\t\t\t\t<div class=\"elementor-element elementor-element-69b9d03f elementor-widget elementor-widget-heading\" data-id=\"69b9d03f\" data-element_type=\"widget\" data-e-type=\"widget\" data-widget_type=\"heading.default\">\n\t\t\t\t<div class=\"elementor-widget-container\">\n\t\t\t\t\t<h6 class=\"elementor-heading-title elementor-size-default\">MARINE VISION MAGAZINES<\/h6>\t\t\t\t<\/div>\n\t\t\t\t<\/div>\n\t\t<div class=\"elementor-element elementor-element-6c7ef38c e-con-full e-flex e-con e-child\" data-id=\"6c7ef38c\" data-element_type=\"container\" data-e-type=\"container\">\n\t\t\t\t<div class=\"elementor-element elementor-element-33db43dd elementor-widget elementor-widget-image\" data-id=\"33db43dd\" data-element_type=\"widget\" data-e-type=\"widget\" data-widget_type=\"image.default\">\n\t\t\t\t<div class=\"elementor-widget-container\">\n\t\t\t\t\t\t\t\t\t\t\t\t\t\t\t\t<a href=\"https:\/\/marinevision.es\/wp-content\/uploads\/2025\/03\/1-Boletin-Marine-Mayo2011.pdf\" target=\"_blank\">\n\t\t\t\t\t\t\t<img decoding=\"async\" src=\"https:\/\/marinevision.es\/wp-content\/uploads\/2025\/03\/1-Boletin-Marine-Mayo2011-1.jpg\" title=\"1-Boleti\u0301n-Marine-Mayo2011-1\" alt=\"1-Boleti\u0301n-Marine-Mayo2011-1\" class=\"elementor-animation-float\" loading=\"lazy\" \/>\t\t\t\t\t\t\t\t<\/a>\n\t\t\t\t\t\t\t\t\t\t\t\t\t\t\t<\/div>\n\t\t\t\t<\/div>\n\t\t\t\t<div class=\"elementor-element elementor-element-7e136fca elementor-widget elementor-widget-image\" data-id=\"7e136fca\" data-element_type=\"widget\" data-e-type=\"widget\" data-widget_type=\"image.default\">\n\t\t\t\t<div class=\"elementor-widget-container\">\n\t\t\t\t\t\t\t\t\t\t\t\t\t\t\t\t<a href=\"https:\/\/marinevision.es\/wp-content\/uploads\/2025\/03\/2-Boletin-Marine-2014.pdf\" target=\"_blank\">\n\t\t\t\t\t\t\t<img decoding=\"async\" src=\"https:\/\/marinevision.es\/wp-content\/uploads\/2025\/03\/2-Boletin-Marine-2014-1.jpg\" title=\"2-Boleti\u0301n-Marine-2014-1\" alt=\"2-Boleti\u0301n-Marine-2014-1\" class=\"elementor-animation-float\" loading=\"lazy\" \/>\t\t\t\t\t\t\t\t<\/a>\n\t\t\t\t\t\t\t\t\t\t\t\t\t\t\t<\/div>\n\t\t\t\t<\/div>\n\t\t\t\t<\/div>\n\t\t\t\t<\/div>\n\t\t<div class=\"elementor-element elementor-element-3e3277e e-con-full e-flex e-con e-child\" data-id=\"3e3277e\" data-element_type=\"container\" data-e-type=\"container\">\n\t\t\t\t<div class=\"elementor-element elementor-element-aab4533 elementor-widget elementor-widget-heading\" data-id=\"aab4533\" data-element_type=\"widget\" data-e-type=\"widget\" data-widget_type=\"heading.default\">\n\t\t\t\t<div class=\"elementor-widget-container\">\n\t\t\t\t\t<h6 class=\"elementor-heading-title elementor-size-default\">PRESS CLIPPINGS<\/h6>\t\t\t\t<\/div>\n\t\t\t\t<\/div>\n\t\t<div class=\"elementor-element elementor-element-5cf2e55 e-con-full e-flex e-con e-child\" data-id=\"5cf2e55\" data-element_type=\"container\" data-e-type=\"container\">\n\t\t\t\t<div class=\"elementor-element elementor-element-26d2d90 elementor-widget elementor-widget-image\" data-id=\"26d2d90\" data-element_type=\"widget\" data-e-type=\"widget\" data-widget_type=\"image.default\">\n\t\t\t\t<div class=\"elementor-widget-container\">\n\t\t\t\t\t\t\t\t\t\t\t\t\t\t\t\t<a href=\"https:\/\/marinevision.es\/wp-content\/uploads\/2026\/04\/SQM_N31_FEBRERO2026_IMPRESION-MV_comp.pdf\" target=\"_blank\">\n\t\t\t\t\t\t\t<img decoding=\"async\" src=\"https:\/\/marinevision.es\/wp-content\/uploads\/2026\/04\/SQM_N31_FEBRERO2026_IMPRESION-MV_comp-1.jpg\" title=\"SQM_N31_FEBRERO2026_IMPRESION-MV_comp.jpg\" alt=\"SQM_N31_FEBRERO2026_IMPRESION-MV_comp.jpg\" class=\"elementor-animation-float\" loading=\"lazy\" \/>\t\t\t\t\t\t\t\t<\/a>\n\t\t\t\t\t\t\t\t\t\t\t\t\t\t\t<\/div>\n\t\t\t\t<\/div>\n\t\t\t\t<div class=\"elementor-element elementor-element-36e9271 elementor-widget elementor-widget-image\" data-id=\"36e9271\" data-element_type=\"widget\" data-e-type=\"widget\" data-widget_type=\"image.default\">\n\t\t\t\t<div class=\"elementor-widget-container\">\n\t\t\t\t\t\t\t\t\t\t\t\t\t\t\t\t<a href=\"https:\/\/marinevision.es\/wp-content\/uploads\/2025\/03\/SQM-N27-AGOSTO2024-DIGITAL.pdf\" target=\"_blank\">\n\t\t\t\t\t\t\t<img decoding=\"async\" src=\"https:\/\/marinevision.es\/wp-content\/uploads\/2025\/11\/SQM-N27-AGOSTO2024-DIGITAL-1.jpg\" title=\"SQM-N27-AGOSTO2024-DIGITAL-1.jpg\" alt=\"SQM-N27-AGOSTO2024-DIGITAL-1.jpg\" class=\"elementor-animation-float\" loading=\"lazy\" \/>\t\t\t\t\t\t\t\t<\/a>\n\t\t\t\t\t\t\t\t\t\t\t\t\t\t\t<\/div>\n\t\t\t\t<\/div>\n\t\t\t\t<\/div>\n\t\t<div class=\"elementor-element elementor-element-ef13f13 e-con-full e-flex e-con e-child\" data-id=\"ef13f13\" data-element_type=\"container\" data-e-type=\"container\">\n\t\t\t\t<div class=\"elementor-element elementor-element-cbb7eba elementor-widget elementor-widget-image\" data-id=\"cbb7eba\" data-element_type=\"widget\" data-e-type=\"widget\" data-widget_type=\"image.default\">\n\t\t\t\t<div class=\"elementor-widget-container\">\n\t\t\t\t\t\t\t\t\t\t\t\t\t\t\t\t<a href=\"https:\/\/marinevision.es\/wp-content\/uploads\/2025\/03\/SQM-N28-ENE2025-DIGITAL.pdf\" target=\"_blank\">\n\t\t\t\t\t\t\t<img decoding=\"async\" src=\"https:\/\/marinevision.es\/wp-content\/uploads\/2025\/11\/SQM-N28-ENE2025-DIGITAL-1.jpg\" title=\"SQM-N28-ENE2025-DIGITAL-1.jpg\" alt=\"SQM-N28-ENE2025-DIGITAL-1.jpg\" class=\"elementor-animation-float\" loading=\"lazy\" \/>\t\t\t\t\t\t\t\t<\/a>\n\t\t\t\t\t\t\t\t\t\t\t\t\t\t\t<\/div>\n\t\t\t\t<\/div>\n\t\t\t\t<div class=\"elementor-element elementor-element-1948a68 elementor-widget elementor-widget-image\" data-id=\"1948a68\" data-element_type=\"widget\" data-e-type=\"widget\" data-widget_type=\"image.default\">\n\t\t\t\t<div class=\"elementor-widget-container\">\n\t\t\t\t\t\t\t\t\t\t\t\t\t\t\t\t<a href=\"https:\/\/marinevision.es\/wp-content\/uploads\/2025\/11\/SQM_N30_OCTUBRE2025_DIGITAL.pdf\" target=\"_blank\">\n\t\t\t\t\t\t\t<img decoding=\"async\" src=\"https:\/\/marinevision.es\/wp-content\/uploads\/2025\/11\/SQM_N30_OCTUBRE2025_DIGITAL-1.jpg\" title=\"SQM_N30_OCTUBRE2025_DIGITAL.jpg\" alt=\"SQM_N30_OCTUBRE2025_DIGITAL.jpg\" class=\"elementor-animation-float\" loading=\"lazy\" \/>\t\t\t\t\t\t\t\t<\/a>\n\t\t\t\t\t\t\t\t\t\t\t\t\t\t\t<\/div>\n\t\t\t\t<\/div>\n\t\t\t\t<\/div>\n\t\t\t\t<\/div>\n\t\t\t\t<\/div>\n\t\t<div class=\"elementor-element elementor-element-82e9b10 e-con-full e-flex e-con e-child\" data-id=\"82e9b10\" data-element_type=\"container\" data-e-type=\"container\">\n\t\t<div class=\"elementor-element elementor-element-29f34ae5 e-con-full e-flex e-con e-child\" data-id=\"29f34ae5\" data-element_type=\"container\" data-e-type=\"container\">\n\t\t\t\t<div class=\"elementor-element elementor-element-33265fd0 elementor-widget elementor-widget-heading\" data-id=\"33265fd0\" data-element_type=\"widget\" data-e-type=\"widget\" data-widget_type=\"heading.default\">\n\t\t\t\t<div class=\"elementor-widget-container\">\n\t\t\t\t\t<h6 class=\"elementor-heading-title elementor-size-default\">WEB LINKS<\/h6>\t\t\t\t<\/div>\n\t\t\t\t<\/div>\n\t\t\t\t<div class=\"elementor-element elementor-element-28256000 elementor-widget elementor-widget-text-editor\" data-id=\"28256000\" data-element_type=\"widget\" data-e-type=\"widget\" data-widget_type=\"text-editor.default\">\n\t\t\t\t<div class=\"elementor-widget-container\">\n\t\t\t\t\t\t\t\t\t<p><a href=\"http:\/\/www.buceo21.com\/REPORTAJES\/entrevistas\/borjeson.htm\" target=\"_blank\" rel=\"noopener\"><strong>BUCEO XXI El Peri\u00f3dico de los buceadores<\/strong>. ENTREVISTA A BENG H. B:ORJESON <\/a><\/p>\t\t\t\t\t\t\t\t<\/div>\n\t\t\t\t<\/div>\n\t\t\t\t<div class=\"elementor-element elementor-element-6af161d6 elementor-widget elementor-widget-text-editor\" data-id=\"6af161d6\" data-element_type=\"widget\" data-e-type=\"widget\" data-widget_type=\"text-editor.default\">\n\t\t\t\t<div class=\"elementor-widget-container\">\n\t\t\t\t\t\t\t\t\t<p><a href=\"https:\/\/www.subaquaticamagazine.es\/marine-vision-pioneros-en-la-comercializacion-de-equipos-rov-en-espana\/\" target=\"_blank\" rel=\"noopener\"><strong>SUBAQUATICA MAGAZINE DIGITAL.<\/strong> Marine Vision: pioneros en la comercializaci\u00f3n de equipos ROV en Espa\u00f1a <\/a><\/p>\t\t\t\t\t\t\t\t<\/div>\n\t\t\t\t<\/div>\n\t\t\t\t<div class=\"elementor-element elementor-element-74ed3046 elementor-widget elementor-widget-text-editor\" data-id=\"74ed3046\" data-element_type=\"widget\" data-e-type=\"widget\" data-widget_type=\"text-editor.default\">\n\t\t\t\t<div class=\"elementor-widget-container\">\n\t\t\t\t\t\t\t\t\t<p><a href=\"https:\/\/www.diariosur.es\/malaga-capital\/201701\/29\/oportunidades-20170128185415.html\" target=\"_blank\" rel=\"noopener\"><strong>DIARIO SUR. <\/strong>La econom\u00eda ligada al mar factura ya m\u00e1s de 50 millones de euros <\/a><\/p>\t\t\t\t\t\t\t\t<\/div>\n\t\t\t\t<\/div>\n\t\t\t\t<div class=\"elementor-element elementor-element-a8ead7b elementor-widget elementor-widget-text-editor\" data-id=\"a8ead7b\" data-element_type=\"widget\" data-e-type=\"widget\" data-widget_type=\"text-editor.default\">\n\t\t\t\t<div class=\"elementor-widget-container\">\n\t\t\t\t\t\t\t\t\t<p><a href=\"https:\/\/www.laopiniondemalaga.es\/malaga\/2015\/01\/25\/buceando-actividades-maritimas-28566740.html\" target=\"_blank\" rel=\"noopener\"><b>La Opini\u00f3n de M\u00e1laga:<\/b> Buceando entre actividades Mar\u00edtimas<\/a><\/p>\t\t\t\t\t\t\t\t<\/div>\n\t\t\t\t<\/div>\n\t\t\t\t<div class=\"elementor-element elementor-element-418b358 elementor-widget elementor-widget-text-editor\" data-id=\"418b358\" data-element_type=\"widget\" data-e-type=\"widget\" data-widget_type=\"text-editor.default\">\n\t\t\t\t<div class=\"elementor-widget-container\">\n\t\t\t\t\t\t\t\t\t<p><a href=\"https:\/\/www.infodefensa.com\/texto-diario\/mostrar\/5197838\/asi-leopard-vehiculo-operado-remotamente-capaz-sumergirse-hasta-1500m-profundidad\" target=\"_blank\" rel=\"noopener\"><b>Infodefensa.com:<\/b> As\u00ed es el Leopard de la Armada, un robot submarino capaz de sumergirse hasta 1.500 metros de profundidad<\/a><\/p>\t\t\t\t\t\t\t\t<\/div>\n\t\t\t\t<\/div>\n\t\t\t\t<div class=\"elementor-element elementor-element-9e25d64 elementor-widget elementor-widget-text-editor\" data-id=\"9e25d64\" data-element_type=\"widget\" data-e-type=\"widget\" data-widget_type=\"text-editor.default\">\n\t\t\t\t<div class=\"elementor-widget-container\">\n\t\t\t\t\t\t\t\t\t<p><a href=\"https:\/\/www.defensa.com\/espana\/armada-recibe-rov-rescate-seaeye-leopard-saab\" target=\"_blank\" rel=\"noopener\"><strong>Defensa.com:<\/strong> La Armada recibe los ROV de rescate Seaeye Leopard de Saab<\/a><\/p>\t\t\t\t\t\t\t\t<\/div>\n\t\t\t\t<\/div>\n\t\t\t\t<\/div>\n\t\t\t\t<\/div>\n\t\t\t\t<\/div>\n\t\t\t\t<\/div>\n\t\t\t\t<\/div>\n\t\t","protected":false},"excerpt":{"rendered":"<p>UTILITIES NEWSPAPER ARCHIVES MARINE VISION MAGAZINES PRESS CLIPPINGS WEB LINKS BUCEO XXI El Peri\u00f3dico de los buceadores. ENTREVISTA A BENG H. B:ORJESON SUBAQUATICA MAGAZINE DIGITAL. Marine Vision: pioneros en la comercializaci\u00f3n de equipos ROV en Espa\u00f1a DIARIO SUR. La econom\u00eda ligada al mar factura ya m\u00e1s de 50 millones de euros La Opini\u00f3n de M\u00e1laga: [&hellip;]<\/p>\n","protected":false},"author":1,"featured_media":0,"parent":0,"menu_order":0,"comment_status":"closed","ping_status":"closed","template":"","meta":{"_joinchat":[],"footnotes":""},"class_list":["post-21366","page","type-page","status-publish","hentry"],"yoast_head":"<!-- This site is optimized with the Yoast SEO plugin v27.2 - https:\/\/yoast.com\/product\/yoast-seo-wordpress\/ -->\n<title>Newspaper archive - Marine Vision S.L.<\/title>\n<meta name=\"robots\" content=\"index, follow, max-snippet:-1, max-image-preview:large, max-video-preview:-1\" \/>\n<link rel=\"canonical\" href=\"https:\/\/marinevision.es\/en\/newspaper-archive\/\" \/>\n<meta property=\"og:locale\" content=\"en_US\" \/>\n<meta property=\"og:type\" content=\"article\" \/>\n<meta property=\"og:title\" content=\"Newspaper archive - Marine Vision S.L.\" \/>\n<meta property=\"og:description\" content=\"UTILITIES NEWSPAPER ARCHIVES MARINE VISION MAGAZINES PRESS CLIPPINGS WEB LINKS BUCEO XXI El Peri\u00f3dico de los buceadores. ENTREVISTA A BENG H. B:ORJESON SUBAQUATICA MAGAZINE DIGITAL. Marine Vision: pioneros en la comercializaci\u00f3n de equipos ROV en Espa\u00f1a DIARIO SUR. La econom\u00eda ligada al mar factura ya m\u00e1s de 50 millones de euros La Opini\u00f3n de M\u00e1laga: [&hellip;]\" \/>\n<meta property=\"og:url\" content=\"https:\/\/marinevision.es\/en\/newspaper-archive\/\" \/>\n<meta property=\"og:site_name\" content=\"Marine Vision S.L.\" \/>\n<meta property=\"article:modified_time\" content=\"2026-04-09T07:29:49+00:00\" \/>\n<meta property=\"og:image\" content=\"https:\/\/marinevision.es\/wp-content\/uploads\/2024\/06\/MarineVision-logo_1177x230.webp\" \/>\n\t<meta property=\"og:image:width\" content=\"1177\" \/>\n\t<meta property=\"og:image:height\" content=\"230\" \/>\n\t<meta property=\"og:image:type\" content=\"image\/webp\" \/>\n<meta name=\"twitter:card\" content=\"summary_large_image\" \/>\n<meta name=\"twitter:label1\" content=\"Est. reading time\" \/>\n\t<meta name=\"twitter:data1\" content=\"2 minutes\" \/>\n<script type=\"application\/ld+json\" class=\"yoast-schema-graph\">{\"@context\":\"https:\/\/schema.org\",\"@graph\":[{\"@type\":\"WebPage\",\"@id\":\"https:\/\/marinevision.es\/en\/newspaper-archive\/\",\"url\":\"https:\/\/marinevision.es\/en\/newspaper-archive\/\",\"name\":\"Newspaper archive - Marine Vision S.L.\",\"isPartOf\":{\"@id\":\"https:\/\/marinevision.es\/#website\"},\"primaryImageOfPage\":{\"@id\":\"https:\/\/marinevision.es\/en\/newspaper-archive\/#primaryimage\"},\"image\":{\"@id\":\"https:\/\/marinevision.es\/en\/newspaper-archive\/#primaryimage\"},\"thumbnailUrl\":\"https:\/\/marinevision.es\/wp-content\/uploads\/2024\/06\/MarineVision-logo_1177x230.webp\",\"datePublished\":\"2025-03-25T09:39:33+00:00\",\"dateModified\":\"2026-04-09T07:29:49+00:00\",\"breadcrumb\":{\"@id\":\"https:\/\/marinevision.es\/en\/newspaper-archive\/#breadcrumb\"},\"inLanguage\":\"en-US\",\"potentialAction\":[{\"@type\":\"ReadAction\",\"target\":[\"https:\/\/marinevision.es\/en\/newspaper-archive\/\"]}]},{\"@type\":\"ImageObject\",\"inLanguage\":\"en-US\",\"@id\":\"https:\/\/marinevision.es\/en\/newspaper-archive\/#primaryimage\",\"url\":\"https:\/\/marinevision.es\/wp-content\/uploads\/2024\/06\/MarineVision-logo_1177x230.webp\",\"contentUrl\":\"https:\/\/marinevision.es\/wp-content\/uploads\/2024\/06\/MarineVision-logo_1177x230.webp\"},{\"@type\":\"BreadcrumbList\",\"@id\":\"https:\/\/marinevision.es\/en\/newspaper-archive\/#breadcrumb\",\"itemListElement\":[{\"@type\":\"ListItem\",\"position\":1,\"name\":\"Home\",\"item\":\"https:\/\/marinevision.es\/en\/\"},{\"@type\":\"ListItem\",\"position\":2,\"name\":\"Newspaper archive\"}]},{\"@type\":\"WebSite\",\"@id\":\"https:\/\/marinevision.es\/#website\",\"url\":\"https:\/\/marinevision.es\/\",\"name\":\"Marine Vision S.L.\",\"description\":\"Compresores, cascos, umbilicales, ROVs, paneles de gases, trajes secos y todo el equipamiento relacionado con el buceo comercial, militar y recreativo\",\"publisher\":{\"@id\":\"https:\/\/marinevision.es\/#organization\"},\"alternateName\":\"Marine Vision\",\"potentialAction\":[{\"@type\":\"SearchAction\",\"target\":{\"@type\":\"EntryPoint\",\"urlTemplate\":\"https:\/\/marinevision.es\/?s={search_term_string}\"},\"query-input\":{\"@type\":\"PropertyValueSpecification\",\"valueRequired\":true,\"valueName\":\"search_term_string\"}}],\"inLanguage\":\"en-US\"},{\"@type\":\"Organization\",\"@id\":\"https:\/\/marinevision.es\/#organization\",\"name\":\"Marine Vision S.L.\",\"url\":\"https:\/\/marinevision.es\/\",\"logo\":{\"@type\":\"ImageObject\",\"inLanguage\":\"en-US\",\"@id\":\"https:\/\/marinevision.es\/#\/schema\/logo\/image\/\",\"url\":\"https:\/\/marinevision.es\/wp-content\/uploads\/2024\/06\/MarineVision-logo_1177x230.webp\",\"contentUrl\":\"https:\/\/marinevision.es\/wp-content\/uploads\/2024\/06\/MarineVision-logo_1177x230.webp\",\"width\":1177,\"height\":230,\"caption\":\"Marine Vision S.L.\"},\"image\":{\"@id\":\"https:\/\/marinevision.es\/#\/schema\/logo\/image\/\"}}]}<\/script>\n<!-- \/ Yoast SEO plugin. -->","yoast_head_json":{"title":"Newspaper archive - Marine Vision S.L.","robots":{"index":"index","follow":"follow","max-snippet":"max-snippet:-1","max-image-preview":"max-image-preview:large","max-video-preview":"max-video-preview:-1"},"canonical":"https:\/\/marinevision.es\/en\/newspaper-archive\/","og_locale":"en_US","og_type":"article","og_title":"Newspaper archive - Marine Vision S.L.","og_description":"UTILITIES NEWSPAPER ARCHIVES MARINE VISION MAGAZINES PRESS CLIPPINGS WEB LINKS BUCEO XXI El Peri\u00f3dico de los buceadores. ENTREVISTA A BENG H. B:ORJESON SUBAQUATICA MAGAZINE DIGITAL. Marine Vision: pioneros en la comercializaci\u00f3n de equipos ROV en Espa\u00f1a DIARIO SUR. La econom\u00eda ligada al mar factura ya m\u00e1s de 50 millones de euros La Opini\u00f3n de M\u00e1laga: [&hellip;]","og_url":"https:\/\/marinevision.es\/en\/newspaper-archive\/","og_site_name":"Marine Vision S.L.","article_modified_time":"2026-04-09T07:29:49+00:00","og_image":[{"width":1177,"height":230,"url":"https:\/\/marinevision.es\/wp-content\/uploads\/2024\/06\/MarineVision-logo_1177x230.webp","type":"image\/webp"}],"twitter_card":"summary_large_image","twitter_misc":{"Est. reading time":"2 minutes"},"schema":{"@context":"https:\/\/schema.org","@graph":[{"@type":"WebPage","@id":"https:\/\/marinevision.es\/en\/newspaper-archive\/","url":"https:\/\/marinevision.es\/en\/newspaper-archive\/","name":"Newspaper archive - Marine Vision S.L.","isPartOf":{"@id":"https:\/\/marinevision.es\/#website"},"primaryImageOfPage":{"@id":"https:\/\/marinevision.es\/en\/newspaper-archive\/#primaryimage"},"image":{"@id":"https:\/\/marinevision.es\/en\/newspaper-archive\/#primaryimage"},"thumbnailUrl":"https:\/\/marinevision.es\/wp-content\/uploads\/2024\/06\/MarineVision-logo_1177x230.webp","datePublished":"2025-03-25T09:39:33+00:00","dateModified":"2026-04-09T07:29:49+00:00","breadcrumb":{"@id":"https:\/\/marinevision.es\/en\/newspaper-archive\/#breadcrumb"},"inLanguage":"en-US","potentialAction":[{"@type":"ReadAction","target":["https:\/\/marinevision.es\/en\/newspaper-archive\/"]}]},{"@type":"ImageObject","inLanguage":"en-US","@id":"https:\/\/marinevision.es\/en\/newspaper-archive\/#primaryimage","url":"https:\/\/marinevision.es\/wp-content\/uploads\/2024\/06\/MarineVision-logo_1177x230.webp","contentUrl":"https:\/\/marinevision.es\/wp-content\/uploads\/2024\/06\/MarineVision-logo_1177x230.webp"},{"@type":"BreadcrumbList","@id":"https:\/\/marinevision.es\/en\/newspaper-archive\/#breadcrumb","itemListElement":[{"@type":"ListItem","position":1,"name":"Home","item":"https:\/\/marinevision.es\/en\/"},{"@type":"ListItem","position":2,"name":"Newspaper archive"}]},{"@type":"WebSite","@id":"https:\/\/marinevision.es\/#website","url":"https:\/\/marinevision.es\/","name":"Marine Vision S.L.","description":"Compresores, cascos, umbilicales, ROVs, paneles de gases, trajes secos y todo el equipamiento relacionado con el buceo comercial, militar y recreativo","publisher":{"@id":"https:\/\/marinevision.es\/#organization"},"alternateName":"Marine Vision","potentialAction":[{"@type":"SearchAction","target":{"@type":"EntryPoint","urlTemplate":"https:\/\/marinevision.es\/?s={search_term_string}"},"query-input":{"@type":"PropertyValueSpecification","valueRequired":true,"valueName":"search_term_string"}}],"inLanguage":"en-US"},{"@type":"Organization","@id":"https:\/\/marinevision.es\/#organization","name":"Marine Vision S.L.","url":"https:\/\/marinevision.es\/","logo":{"@type":"ImageObject","inLanguage":"en-US","@id":"https:\/\/marinevision.es\/#\/schema\/logo\/image\/","url":"https:\/\/marinevision.es\/wp-content\/uploads\/2024\/06\/MarineVision-logo_1177x230.webp","contentUrl":"https:\/\/marinevision.es\/wp-content\/uploads\/2024\/06\/MarineVision-logo_1177x230.webp","width":1177,"height":230,"caption":"Marine Vision S.L."},"image":{"@id":"https:\/\/marinevision.es\/#\/schema\/logo\/image\/"}}]}},"_links":{"self":[{"href":"https:\/\/marinevision.es\/en\/wp-json\/wp\/v2\/pages\/21366","targetHints":{"allow":["GET"]}}],"collection":[{"href":"https:\/\/marinevision.es\/en\/wp-json\/wp\/v2\/pages"}],"about":[{"href":"https:\/\/marinevision.es\/en\/wp-json\/wp\/v2\/types\/page"}],"author":[{"embeddable":true,"href":"https:\/\/marinevision.es\/en\/wp-json\/wp\/v2\/users\/1"}],"replies":[{"embeddable":true,"href":"https:\/\/marinevision.es\/en\/wp-json\/wp\/v2\/comments?post=21366"}],"version-history":[{"count":13,"href":"https:\/\/marinevision.es\/en\/wp-json\/wp\/v2\/pages\/21366\/revisions"}],"predecessor-version":[{"id":23018,"href":"https:\/\/marinevision.es\/en\/wp-json\/wp\/v2\/pages\/21366\/revisions\/23018"}],"wp:attachment":[{"href":"https:\/\/marinevision.es\/en\/wp-json\/wp\/v2\/media?parent=21366"}],"curies":[{"name":"wp","href":"https:\/\/api.w.org\/{rel}","templated":true}]}}